{"id":175,"date":"2018-08-02T14:45:25","date_gmt":"2018-08-02T14:45:25","guid":{"rendered":"http:\/\/themenectar.com\/demo\/salient-ecommerce-ultimate\/?page_id=175"},"modified":"2025-09-28T16:56:12","modified_gmt":"2025-09-28T16:56:12","slug":"articulos","status":"publish","type":"page","link":"https:\/\/guadalbeton.com\/en\/articulos\/","title":{"rendered":"Art\u00edculos sobre Hormig\u00f3n y Prefabricados"},"content":{"rendered":"<div id=\"fws_69fb4665748dd\"  data-column-margin=\"default\" data-midnight=\"dark\"  class=\"wpb_row vc_row-fluid vc_row\"  style=\"padding-top: 0px; padding-bottom: 0px; \"><div class=\"row-bg-wrap\" data-bg-animation=\"none\" data-bg-animation-delay=\"\" data-bg-overlay=\"false\"><div class=\"inner-wrap row-bg-layer\" ><div class=\"row-bg viewport-desktop\"  style=\"\"><\/div><\/div><\/div><div class=\"row_col_wrap_12 col span_12 dark left\">\n\t<div  class=\"vc_col-sm-12 wpb_column column_container vc_column_container col no-extra-padding inherit_tablet inherit_phone\"  data-padding-pos=\"all\" data-has-bg-color=\"false\" data-bg-color=\"\" data-bg-opacity=\"1\" data-animation=\"\" data-delay=\"0\" >\n\t\t<div class=\"vc_column-inner\" >\n\t\t\t<div class=\"wpb_wrapper\">\n\t\t\t\t\n<div class=\"row\">\n\n <div class=\"post-area col  span_9 masonry auto_meta_overlaid_spaced\" data-ams=\"4px\" data-remove-post-date=\"\" data-remove-post-author=\"\" data-remove-post-comment-number=\"\" data-remove-post-nectar-love=\"\"> <div class=\"posts-container\" data-load-animation=\"none\">     \n     \n<article id=\"post-304\" class=\"masonry-blog-item post-304 post type-post status-publish format-standard has-post-thumbnail category-hormigon category-sostenibilidad tag-hormigon tag-sostenibilidad\">  \n    \n  <div class=\"inner-wrap animated\">\n    \n    <div class=\"post-content\">\n\n      <div class=\"content-inner\">\n        \n        <a class=\"entire-meta-link\" href=\"https:\/\/guadalbeton.com\/en\/sostenibilidad\/sostenibilidad-plantas-hormigon\/\"><span class=\"screen-reader-text\">Sostenibilidad en Plantas de Hormig\u00f3n<\/span><\/a>\n        \n        <span class=\"post-featured-img\"><img loading=\"lazy\" decoding=\"async\" width=\"800\" height=\"683\" src=\"https:\/\/guadalbeton.com\/wp-content\/uploads\/2014\/07\/fondo-articulo-1-800x683.png\" class=\"attachment-medium_featured size-medium_featured skip-lazy wp-post-image\" alt=\"\" title=\"\" sizes=\"auto, (min-width: 690px) 50vw, 100vw\" \/><\/span>        \n        <div class=\"article-content-wrap\">\n          \n          <span class=\"meta-category\"><a class=\"hormigon\" href=\"https:\/\/guadalbeton.com\/en\/category\/hormigon\/\">Hormig\u00f3n<\/a><a class=\"sostenibilidad\" href=\"https:\/\/guadalbeton.com\/en\/category\/sostenibilidad\/\">Sostenibilidad<\/a><\/span>          \n          <div class=\"post-header\">\n            <h3 class=\"title\"><a href=\"https:\/\/guadalbeton.com\/en\/sostenibilidad\/sostenibilidad-plantas-hormigon\/\"> Sostenibilidad en Plantas de Hormig\u00f3n<\/a><\/h3>\n                      <\/div>\n          \n        <\/div><!--article-content-wrap-->\n        \n      <\/div><!--\/content-inner-->\n        \n    <\/div><!--\/post-content-->\n      \n  <\/div><!--\/inner-wrap-->\n    \n<\/article>     \n     \n<article id=\"post-219\" class=\"masonry-blog-item post-219 post type-post status-publish format-standard has-post-thumbnail category-historia category-hormigon\">  \n    \n  <div class=\"inner-wrap animated\">\n    \n    <div class=\"post-content\">\n\n      <div class=\"content-inner\">\n        \n        <a class=\"entire-meta-link\" href=\"https:\/\/guadalbeton.com\/en\/historia\/como-se-creo-hormigon\/\"><span class=\"screen-reader-text\">\u00bfC\u00f3mo se Cre\u00f3 el Hormig\u00f3n?<\/span><\/a>\n        \n        <span class=\"post-featured-img\"><img loading=\"lazy\" decoding=\"async\" width=\"800\" height=\"683\" src=\"https:\/\/guadalbeton.com\/wp-content\/uploads\/2013\/04\/como-se-creo-el-hormigon-800x683.png\" class=\"attachment-medium_featured size-medium_featured skip-lazy wp-post-image\" alt=\"\" title=\"\" sizes=\"auto, (min-width: 690px) 50vw, 100vw\" \/><\/span>        \n        <div class=\"article-content-wrap\">\n          \n          <span class=\"meta-category\"><a class=\"historia\" href=\"https:\/\/guadalbeton.com\/en\/category\/historia\/\">Historia<\/a><a class=\"hormigon\" href=\"https:\/\/guadalbeton.com\/en\/category\/hormigon\/\">Hormig\u00f3n<\/a><\/span>          \n          <div class=\"post-header\">\n            <h3 class=\"title\"><a href=\"https:\/\/guadalbeton.com\/en\/historia\/como-se-creo-hormigon\/\"> \u00bfC\u00f3mo se Cre\u00f3 el Hormig\u00f3n?<\/a><\/h3>\n                      <\/div>\n          \n        <\/div><!--article-content-wrap-->\n        \n      <\/div><!--\/content-inner-->\n        \n    <\/div><!--\/post-content-->\n      \n  <\/div><!--\/inner-wrap-->\n    \n<\/article>    \n    <\/div><!--\/posts container-->\n    \n      \n<\/div><!--\/post area-->\n\n  \n  <div id=\"sidebar\" data-nectar-ss=\"true\" class=\"col span_3 col_last\">\n    <div id=\"block-2\" class=\"widget widget_block widget_search\"><form role=\"search\" method=\"get\" action=\"https:\/\/guadalbeton.com\/en\/\" class=\"wp-block-search__button-outside wp-block-search__text-button wp-block-search\" data-trp-original-action=\"https:\/\/guadalbeton.com\/en\/\"    ><label class=\"wp-block-search__label\" for=\"wp-block-search__input-1\" >Search<\/label><div class=\"wp-block-search__inside-wrapper\" ><input class=\"wp-block-search__input\" id=\"wp-block-search__input-1\" placeholder=\"\" value=\"\" type=\"search\" name=\"s\" required \/><button aria-label=\"Search\" class=\"wp-block-search__button wp-element-button\" type=\"submit\" >Search<\/button><\/div><input type=\"hidden\" name=\"trp-form-language\" value=\"en\"\/><\/form><\/div><div id=\"block-3\" class=\"widget widget_block\">\n<div class=\"wp-block-group is-layout-flow wp-block-group-is-layout-flow\">\n<h2 class=\"wp-block-heading\">Art\u00edculos Recientes<\/h2>\n\n\n<ul class=\"wp-block-latest-posts__list wp-block-latest-posts\"><li><a class=\"wp-block-latest-posts__post-title\" href=\"https:\/\/guadalbeton.com\/en\/sostenibilidad\/sostenibilidad-plantas-hormigon\/\">Sostenibilidad en Plantas de Hormig\u00f3n<\/a><\/li>\n<li><a class=\"wp-block-latest-posts__post-title\" href=\"https:\/\/guadalbeton.com\/en\/historia\/como-se-creo-hormigon\/\">\u00bfC\u00f3mo se Cre\u00f3 el Hormig\u00f3n?<\/a><\/li>\n<\/ul><\/div>\n<\/div><div id=\"block-4\" class=\"widget widget_block\">\n<div class=\"wp-block-group is-layout-flow wp-block-group-is-layout-flow\"><\/div>\n<\/div><div id=\"categories-1\" class=\"widget widget_categories\"><h4>Categories<\/h4>\n\t\t\t<ul>\n\t\t\t\t\t<li class=\"cat-item cat-item-513\"><a href=\"https:\/\/guadalbeton.com\/en\/category\/historia\/\">Historia<\/a>\n<\/li>\n\t<li class=\"cat-item cat-item-514\"><a href=\"https:\/\/guadalbeton.com\/en\/category\/hormigon\/\">Hormig\u00f3n<\/a>\n<\/li>\n\t<li class=\"cat-item cat-item-512\"><a href=\"https:\/\/guadalbeton.com\/en\/category\/sostenibilidad\/\">Sostenibilidad<\/a>\n<\/li>\n\t\t\t<\/ul>\n\n\t\t\t<\/div>  <\/div><!--\/span_3-->\n \n<\/div>\n\n\n\t\t\t<\/div> \n\t\t<\/div>\n\t<\/div> \n<\/div><\/div>","protected":false},"excerpt":{"rendered":"La Fascinante Historia de un Gigante Constructivo: \u00bfC\u00f3mo se Cre\u00f3 el Hormig\u00f3n? El hormig\u00f3n es, sin duda, uno de los materiales m\u00e1s omnipresentes y esenciales...","protected":false},"author":1,"featured_media":0,"parent":0,"menu_order":0,"comment_status":"closed","ping_status":"closed","template":"","meta":{"footnotes":""},"class_list":["post-175","page","type-page","status-publish"],"yoast_head":"<!-- This site is optimized with the Yoast SEO plugin v25.9 - https:\/\/yoast.com\/wordpress\/plugins\/seo\/ -->\n<title>Art\u00edculos sobre Hormig\u00f3n y Prefabricados - Guadalbeton<\/title>\n<meta name=\"description\" content=\"En esta secci\u00f3n nuestros expertos te cuentan sobre el mundo del hormig\u00f3n y los prefabricados, aprende de nuestra experiencia.\" \/>\n<meta name=\"robots\" content=\"index, follow, max-snippet:-1, max-image-preview:large, max-video-preview:-1\" \/>\n<link rel=\"canonical\" href=\"https:\/\/guadalbeton.com\/en\/articulos\/\" \/>\n<meta property=\"og:locale\" content=\"en_GB\" \/>\n<meta property=\"og:type\" content=\"article\" \/>\n<meta property=\"og:title\" content=\"Art\u00edculos sobre Hormig\u00f3n y Prefabricados - Guadalbeton\" \/>\n<meta property=\"og:description\" content=\"En esta secci\u00f3n nuestros expertos te cuentan sobre el mundo del hormig\u00f3n y los prefabricados, aprende de nuestra experiencia.\" \/>\n<meta property=\"og:url\" content=\"https:\/\/guadalbeton.com\/en\/articulos\/\" \/>\n<meta property=\"og:site_name\" content=\"Guadalbeton\" \/>\n<meta property=\"article:modified_time\" content=\"2025-09-28T16:56:12+00:00\" \/>\n<meta name=\"twitter:card\" content=\"summary_large_image\" \/>\n<script type=\"application\/ld+json\" class=\"yoast-schema-graph\">{\"@context\":\"https:\/\/schema.org\",\"@graph\":[{\"@type\":\"WebPage\",\"@id\":\"https:\/\/guadalbeton.com\/articulos\/\",\"url\":\"https:\/\/guadalbeton.com\/articulos\/\",\"name\":\"Art\u00edculos sobre Hormig\u00f3n y Prefabricados - Guadalbeton\",\"isPartOf\":{\"@id\":\"https:\/\/guadalbeton.com\/#website\"},\"datePublished\":\"2018-08-02T14:45:25+00:00\",\"dateModified\":\"2025-09-28T16:56:12+00:00\",\"description\":\"En esta secci\u00f3n nuestros expertos te cuentan sobre el mundo del hormig\u00f3n y los prefabricados, aprende de nuestra experiencia.\",\"breadcrumb\":{\"@id\":\"https:\/\/guadalbeton.com\/articulos\/#breadcrumb\"},\"inLanguage\":\"en-GB\",\"potentialAction\":[{\"@type\":\"ReadAction\",\"target\":[\"https:\/\/guadalbeton.com\/articulos\/\"]}]},{\"@type\":\"BreadcrumbList\",\"@id\":\"https:\/\/guadalbeton.com\/articulos\/#breadcrumb\",\"itemListElement\":[{\"@type\":\"ListItem\",\"position\":1,\"name\":\"Portada\",\"item\":\"https:\/\/guadalbeton.com\/\"},{\"@type\":\"ListItem\",\"position\":2,\"name\":\"Art\u00edculos sobre Hormig\u00f3n y Prefabricados\"}]},{\"@type\":\"WebSite\",\"@id\":\"https:\/\/guadalbeton.com\/#website\",\"url\":\"https:\/\/guadalbeton.com\/\",\"name\":\"Guadalbeton\",\"description\":\"Especialistas en el sector del hormig\u00f3n y prefabricado.\",\"publisher\":{\"@id\":\"https:\/\/guadalbeton.com\/#organization\"},\"potentialAction\":[{\"@type\":\"SearchAction\",\"target\":{\"@type\":\"EntryPoint\",\"urlTemplate\":\"https:\/\/guadalbeton.com\/?s={search_term_string}\"},\"query-input\":{\"@type\":\"PropertyValueSpecification\",\"valueRequired\":true,\"valueName\":\"search_term_string\"}}],\"inLanguage\":\"en-GB\"},{\"@type\":\"Organization\",\"@id\":\"https:\/\/guadalbeton.com\/#organization\",\"name\":\"Guadalbeton\",\"url\":\"https:\/\/guadalbeton.com\/\",\"logo\":{\"@type\":\"ImageObject\",\"inLanguage\":\"en-GB\",\"@id\":\"https:\/\/guadalbeton.com\/#\/schema\/logo\/image\/\",\"url\":\"https:\/\/guadalbeton.com\/wp-content\/uploads\/2025\/09\/cropped-favicon-guadalbeton.png\",\"contentUrl\":\"https:\/\/guadalbeton.com\/wp-content\/uploads\/2025\/09\/cropped-favicon-guadalbeton.png\",\"width\":512,\"height\":512,\"caption\":\"Guadalbeton\"},\"image\":{\"@id\":\"https:\/\/guadalbeton.com\/#\/schema\/logo\/image\/\"}}]}<\/script>\n<!-- \/ Yoast SEO plugin. -->","yoast_head_json":{"title":"Art\u00edculos sobre Hormig\u00f3n y Prefabricados - Guadalbeton","description":"En esta secci\u00f3n nuestros expertos te cuentan sobre el mundo del hormig\u00f3n y los prefabricados, aprende de nuestra experiencia.","robots":{"index":"index","follow":"follow","max-snippet":"max-snippet:-1","max-image-preview":"max-image-preview:large","max-video-preview":"max-video-preview:-1"},"canonical":"https:\/\/guadalbeton.com\/en\/articulos\/","og_locale":"en_GB","og_type":"article","og_title":"Art\u00edculos sobre Hormig\u00f3n y Prefabricados - Guadalbeton","og_description":"En esta secci\u00f3n nuestros expertos te cuentan sobre el mundo del hormig\u00f3n y los prefabricados, aprende de nuestra experiencia.","og_url":"https:\/\/guadalbeton.com\/en\/articulos\/","og_site_name":"Guadalbeton","article_modified_time":"2025-09-28T16:56:12+00:00","twitter_card":"summary_large_image","schema":{"@context":"https:\/\/schema.org","@graph":[{"@type":"WebPage","@id":"https:\/\/guadalbeton.com\/articulos\/","url":"https:\/\/guadalbeton.com\/articulos\/","name":"Art\u00edculos sobre Hormig\u00f3n y Prefabricados - Guadalbeton","isPartOf":{"@id":"https:\/\/guadalbeton.com\/#website"},"datePublished":"2018-08-02T14:45:25+00:00","dateModified":"2025-09-28T16:56:12+00:00","description":"En esta secci\u00f3n nuestros expertos te cuentan sobre el mundo del hormig\u00f3n y los prefabricados, aprende de nuestra experiencia.","breadcrumb":{"@id":"https:\/\/guadalbeton.com\/articulos\/#breadcrumb"},"inLanguage":"en-GB","potentialAction":[{"@type":"ReadAction","target":["https:\/\/guadalbeton.com\/articulos\/"]}]},{"@type":"BreadcrumbList","@id":"https:\/\/guadalbeton.com\/articulos\/#breadcrumb","itemListElement":[{"@type":"ListItem","position":1,"name":"Portada","item":"https:\/\/guadalbeton.com\/"},{"@type":"ListItem","position":2,"name":"Art\u00edculos sobre Hormig\u00f3n y Prefabricados"}]},{"@type":"WebSite","@id":"https:\/\/guadalbeton.com\/#website","url":"https:\/\/guadalbeton.com\/","name":"Guadalbeton","description":"Especialistas en el sector del hormig\u00f3n y prefabricado.","publisher":{"@id":"https:\/\/guadalbeton.com\/#organization"},"potentialAction":[{"@type":"SearchAction","target":{"@type":"EntryPoint","urlTemplate":"https:\/\/guadalbeton.com\/?s={search_term_string}"},"query-input":{"@type":"PropertyValueSpecification","valueRequired":true,"valueName":"search_term_string"}}],"inLanguage":"en-GB"},{"@type":"Organization","@id":"https:\/\/guadalbeton.com\/#organization","name":"Guadalbeton","url":"https:\/\/guadalbeton.com\/","logo":{"@type":"ImageObject","inLanguage":"en-GB","@id":"https:\/\/guadalbeton.com\/#\/schema\/logo\/image\/","url":"https:\/\/guadalbeton.com\/wp-content\/uploads\/2025\/09\/cropped-favicon-guadalbeton.png","contentUrl":"https:\/\/guadalbeton.com\/wp-content\/uploads\/2025\/09\/cropped-favicon-guadalbeton.png","width":512,"height":512,"caption":"Guadalbeton"},"image":{"@id":"https:\/\/guadalbeton.com\/#\/schema\/logo\/image\/"}}]}},"_links":{"self":[{"href":"https:\/\/guadalbeton.com\/en\/wp-json\/wp\/v2\/pages\/175","targetHints":{"allow":["GET"]}}],"collection":[{"href":"https:\/\/guadalbeton.com\/en\/wp-json\/wp\/v2\/pages"}],"about":[{"href":"https:\/\/guadalbeton.com\/en\/wp-json\/wp\/v2\/types\/page"}],"author":[{"embeddable":true,"href":"https:\/\/guadalbeton.com\/en\/wp-json\/wp\/v2\/users\/1"}],"replies":[{"embeddable":true,"href":"https:\/\/guadalbeton.com\/en\/wp-json\/wp\/v2\/comments?post=175"}],"version-history":[{"count":5,"href":"https:\/\/guadalbeton.com\/en\/wp-json\/wp\/v2\/pages\/175\/revisions"}],"predecessor-version":[{"id":8626,"href":"https:\/\/guadalbeton.com\/en\/wp-json\/wp\/v2\/pages\/175\/revisions\/8626"}],"wp:attachment":[{"href":"https:\/\/guadalbeton.com\/en\/wp-json\/wp\/v2\/media?parent=175"}],"curies":[{"name":"wp","href":"https:\/\/api.w.org\/{rel}","templated":true}]}}