{"id":8617,"date":"2025-09-26T12:03:43","date_gmt":"2025-09-26T12:03:43","guid":{"rendered":"https:\/\/guadalbeton.com\/?page_id=8617"},"modified":"2026-03-02T18:06:20","modified_gmt":"2026-03-02T18:06:20","slug":"terminos-condiciones","status":"publish","type":"page","link":"https:\/\/guadalbeton.com\/en\/terminos-condiciones\/","title":{"rendered":"T\u00e9rminos y Condiciones"},"content":{"rendered":"<div id=\"fws_69ff63d6d5cfa\"  data-column-margin=\"default\" data-midnight=\"dark\"  class=\"wpb_row vc_row-fluid vc_row\"  style=\"padding-top: 0px; padding-bottom: 0px; \"><div class=\"row-bg-wrap\" data-bg-animation=\"none\" data-bg-animation-delay=\"\" data-bg-overlay=\"false\"><div class=\"inner-wrap row-bg-layer\" ><div class=\"row-bg viewport-desktop\"  style=\"\"><\/div><\/div><\/div><div class=\"row_col_wrap_12 col span_12 dark left\">\n\t<div  class=\"vc_col-sm-12 wpb_column column_container vc_column_container col no-extra-padding inherit_tablet inherit_phone\"  data-padding-pos=\"all\" data-has-bg-color=\"false\" data-bg-color=\"\" data-bg-opacity=\"1\" data-animation=\"\" data-delay=\"0\" >\n\t\t<div class=\"vc_column-inner\" >\n\t\t\t<div class=\"wpb_wrapper\">\n\t\t\t\t\n<div class=\"wpb_text_column wpb_content_element\" >\n\t<div class=\"wpb_wrapper\">\n\t\t<h2><strong>CONDICIONES GENERALES<\/strong><\/h2>\n<p>El uso del web-site\u00a0<strong>www.guadalbeton.com<\/strong>\u00a0implica la aceptaci\u00f3n por parte del usuario de todas las condiciones generales recogidas en esta p\u00e1gina.<\/p>\n<p><strong>Guadalbeton S.L<\/strong>\u00a0entregar\u00e1 los pedidos en el plazo indicado una vez haya recibido el ingreso del cliente o haya aceptado otro medio de financiaci\u00f3n o pago.\u00a0<strong>Guadalbeton S.L<\/strong>\u00a0hace los mayores esfuerzos para tener actualizado online el stock y disponibilidad de los productos, no obstante no se har\u00e1 responsable de los retrasos provocados por terceros ni de los perjuicios derivados de los mismos.<\/p>\n<p>El plazo de reserva de los productos es de 4 d\u00edas, pasados los cuales sin la recepci\u00f3n del pago no se podr\u00e1n garantizar las condiciones iniciales de precio y plazo. En el caso de que esto pasase,\u00a0<strong>Guadalbeton S.L\u00a0<\/strong>lo comunicar\u00e1 inmediatamente al cliente. En cualquier caso, el cliente siempre podr\u00e1 optar por solicitar la devoluci\u00f3n del dinero.\u00a0<strong>Guadalbeton S.L<\/strong>\u00a0se reserva el derecho de cancelar las reservas de los pedidos en los que no pueda contactar con el cliente y que impliquen un n\u00famero de unidades o un importe elevado.<\/p>\n<p>Los precios est\u00e1n permanentemente actualizados. En cualquier momento, antes del env\u00edo del pedido el cliente tendr\u00e1 derecho a devolver una parte o el total de un pedido sin ning\u00fan coste. Se le abonar\u00e1 el dinero en la cuenta indicada en el plazo m\u00e1ximo de 5 d\u00edas.<\/p>\n<p>Si el pedido ya ha sido enviado, el cliente podr\u00e1 devolverlo de acuerdo con los plazos establecidos por la ley, en virtud de lo dispuesto en la Ley de Ordenaci\u00f3n del Comercio Minorista as\u00ed como en lo regulado por la normativa comunitaria\u00a0<strong>(Directiva 97\/7\/CE)<\/strong>. El plazo para el ejercicio del derecho de desistimiento ser\u00e1 de 14 d\u00edas desde la recepci\u00f3n de la mercanc\u00eda, y se deber\u00e1 devolver con todos sus componentes, con su embalaje original, con todos sus accesorios y en perfecto estado.\u00a0<strong>Guadalbeton S.L<\/strong>\u00a0abonar\u00e1 el importe del pedido una vez haya comprobado que la mercanc\u00eda cumple las condiciones anteriores. En el caso de devoluciones comerciales el cliente deber\u00e1 correr con los gastos de transporte.<\/p>\n<p>En caso de una entrega de un producto defectuoso o equivocado,\u00a0<strong>Guadalbeton S.L<\/strong>\u00a0lo reemplazar\u00e1 sin extracoste para el cliente, siempre que esto se comunique en un plazo inferior a 14 d\u00edas desde la entrega.<\/p>\n<p>Todos los pedidos viajan asegurados a todo riesgo hasta destino. Este seguro viene desglosado en los costes del pedido y como tal seguro no lleva IVA. En caso de que el producto viniese da\u00f1ado por el transporte,\u00a0<strong>Guadalbeton S.L<\/strong>\u00a0lo reemplazar\u00e1 sin extracoste para el cliente; se deber\u00e1 comunicar la incidencia en el plazo de 24 horas desde la recepci\u00f3n.<\/p>\n<p>Para todos los productos rigen las garant\u00edas del fabricante, recogidas de forma gen\u00e9rica en la tabla de fabricantes y espec\u00edficamente para cada producto pinchando en fabricante. Se aplicar\u00e1n dos a\u00f1os de acuerdo con el\u00a0<strong>Real Decreto Legislativo 1\/2007, de 16 de noviembre<\/strong>.<\/p>\n<p>De este modo y tal como indica la ley, en caso de producto defectuoso, el vendedor deber\u00e1 proceder, seg\u00fan corresponda, a la reparaci\u00f3n, sustituci\u00f3n, rebaja del precio o resoluci\u00f3n del contrato, gestiones que ser\u00e1n gratuitas para el consumidor y usuario. El vendedor responde de las faltas de conformidad que se manifiesten en un plazo de dos a\u00f1os desde la entrega. El consumidor y usuario deber\u00e1 informar al vendedor de la falta de conformidad en el plazo de dos meses desde que tuvo conocimiento de ella.<\/p>\n<p><strong>Registro y Privacidad de datos.<\/strong><\/p>\n<p>Ser\u00e1 elecci\u00f3n del cliente registrarse o no. Para cualquier pedido, el cliente deber\u00e1 facilitar a\u00a0<strong>Guadalbeton S.L<\/strong>\u00a0todos los datos necesarios para la entrega y la factura. El registro facilitar\u00e1 adem\u00e1s la consulta por parte del cliente de todos los pedidos realizados, guardar direcciones de entrega habituales, guardar datos de facturaci\u00f3n, carritos habituales, etc. No obstante este registro no es obligatorio, y se podr\u00e1 realizar en cualquier momento a\u00fan despu\u00e9s de haber emitido pedidos. El login ser\u00e1 siempre el email del cliente, y la password ser\u00e1 elegida por el cliente en el momento del registro y podr\u00e1 ser modificada por el cliente posteriormente. El cliente se compromete a custodiar con la debida diligencia dicha password.\u00a0<strong>Guadalbeton S.L<\/strong>\u00a0cumple con el deber de secreto de tales datos, as\u00ed como a tratarlos con confidencialidad, asumiendo las medidas necesarias para evitar su alteraci\u00f3n, p\u00e9rdida, tratamiento o acceso no autorizado, tal y como se recoge en la\u00a0<strong>Ley Org\u00e1nica 15\/1999, de 13 de diciembre, de Protecci\u00f3n de Datos de Car\u00e1cter Personal, y en el Real Decreto RD 1720\/2007<\/strong>. El fichero de datos de CLIENTES Y\/O PROVEEDORES de\u00a0<strong>Guadalbeton S.L<\/strong>\u00a0se halla inscrito en la Agencia Espa\u00f1ola de Protecci\u00f3n de Datos con el c\u00f3digo de inscripci\u00f3n n\u00ba 2110820963. Para solicitar cualquier modificaci\u00f3n relativa a sus datos, o informaci\u00f3n acerca de los mismos, dir\u00edjase al email:\u00a0posventa@guadalbeton.com\u00a0o al tel\u00e9fono\u00a0<span class=\"shop-phone\">954 71 93 26<\/span>.<\/p>\n<p>Asimismo,\u00a0<strong>Guadalbeton S.L<\/strong>\u00a0se compromete a la no utilizaci\u00f3n de dichos datos personales para fines distintos del objeto del servicio que presta a trav\u00e9s de su p\u00e1gina web\u00a0<strong>www.guadalbeton.com<\/strong>\u00a0, p\u00e1gina que ofrece informaci\u00f3n sobre ofertas de productos para su venta directa a trav\u00e9s de Internet. Es obligatorio introducir la direcci\u00f3n de correo electr\u00f3nico en el momento de emitir un pedido o registrarse, ya que a trav\u00e9s de \u00e9sta se facilitan los links de seguimiento para las entregas. El propio cliente decidir\u00e1 si quiere recibir informaci\u00f3n relacionada con\u00a0<strong>Guadalbeton S.L<\/strong>\u00a0y ofertas, o no, en esa direcci\u00f3n en el momento de introducirla. El Usuario responder\u00e1, en cualquier caso, de la veracidad, exactitud, autenticidad y vigencia de los datos facilitados, reserv\u00e1ndose\u00a0<strong>Guadalbeton S.L<\/strong>\u00a0el derecho a excluir de los servicios registrados a todo Usuario que haya facilitado datos falsos, sin perjuicio de las dem\u00e1s acciones que procedan en Derecho. Cualquier Usuario registrado puede en cualquier momento ejercer el derecho a acceder, rectificar y, en su caso, cancelar sus datos de car\u00e1cter personal enviando un email a\u00a0posventa@guadalbeton.com\u00a0indic\u00e1ndolo o bien enviando una notificaci\u00f3n a la direcci\u00f3n de\u00a0<strong>Guadalbeton S.L<\/strong>, en\u00a0<strong>AVDA. De Almensilla, N\u00ba 34 Pol. Ind. PIBO<\/strong>. 41110 Bollullos de la Mitaci\u00f3n, Sevilla.<\/p>\n<p><strong>Pol\u00edtica de Cookies.<\/strong><\/p>\n<p>Utilizamos cookies propias y de terceros para mejorar nuestros servicios y mostrarle publicidad relacionada con sus preferencias mediante el an\u00e1lisis de sus h\u00e1bitos de navegaci\u00f3n. Si continua navegando, consideramos que acepta su uso.<\/p>\n<p>Datos de la empresa:<\/p>\n<p><strong>GUADALBETON S.L<br \/>\nNIF.: B91967810<br \/>\nAVDA. De Almensilla, N\u00ba 34 Pol. Ind. PIBO<br \/>\nC.P. 41110, Bollullos de la Mitaci\u00f3n.<br \/>\nSevilla.<\/strong><\/p>\n<p><strong>REGISTRO MERCANTIL SEVILLA, FOLIO 90 TOMO 5449 HOJA SE-91484<\/strong><\/p>\n\t<\/div>\n<\/div>\n\n\n\n\n\t\t\t<\/div> \n\t\t<\/div>\n\t<\/div> \n<\/div><\/div>","protected":false},"excerpt":{"rendered":"CONDICIONES GENERALES El uso del web-site\u00a0www.guadalbeton.com\u00a0implica la aceptaci\u00f3n por parte del usuario de todas las condiciones generales recogidas en esta p\u00e1gina. Guadalbeton S.L\u00a0entregar\u00e1 los pedidos...","protected":false},"author":1,"featured_media":0,"parent":0,"menu_order":0,"comment_status":"closed","ping_status":"open","template":"","meta":{"footnotes":""},"class_list":["post-8617","page","type-page","status-publish"],"yoast_head":"<!-- This site is optimized with the Yoast SEO plugin v25.9 - https:\/\/yoast.com\/wordpress\/plugins\/seo\/ -->\n<title>T\u00e9rminos y Condiciones - Guadalbeton<\/title>\n<meta name=\"robots\" content=\"noindex, nofollow\" \/>\n<meta property=\"og:locale\" content=\"en_GB\" \/>\n<meta property=\"og:type\" content=\"article\" \/>\n<meta property=\"og:title\" content=\"T\u00e9rminos y Condiciones - Guadalbeton\" \/>\n<meta property=\"og:url\" content=\"https:\/\/guadalbeton.com\/en\/terminos-condiciones\/\" \/>\n<meta property=\"og:site_name\" content=\"Guadalbeton\" \/>\n<meta property=\"article:modified_time\" content=\"2026-03-02T18:06:20+00:00\" \/>\n<meta name=\"twitter:card\" content=\"summary_large_image\" \/>\n<meta name=\"twitter:label1\" content=\"Estimated reading time\" \/>\n\t<meta name=\"twitter:data1\" content=\"5 minutes\" \/>\n<script type=\"application\/ld+json\" class=\"yoast-schema-graph\">{\"@context\":\"https:\/\/schema.org\",\"@graph\":[{\"@type\":\"WebPage\",\"@id\":\"https:\/\/guadalbeton.com\/terminos-condiciones\/\",\"url\":\"https:\/\/guadalbeton.com\/terminos-condiciones\/\",\"name\":\"T\u00e9rminos y Condiciones - Guadalbeton\",\"isPartOf\":{\"@id\":\"https:\/\/guadalbeton.com\/#website\"},\"datePublished\":\"2025-09-26T12:03:43+00:00\",\"dateModified\":\"2026-03-02T18:06:20+00:00\",\"breadcrumb\":{\"@id\":\"https:\/\/guadalbeton.com\/terminos-condiciones\/#breadcrumb\"},\"inLanguage\":\"en-GB\",\"potentialAction\":[{\"@type\":\"ReadAction\",\"target\":[\"https:\/\/guadalbeton.com\/terminos-condiciones\/\"]}]},{\"@type\":\"BreadcrumbList\",\"@id\":\"https:\/\/guadalbeton.com\/terminos-condiciones\/#breadcrumb\",\"itemListElement\":[{\"@type\":\"ListItem\",\"position\":1,\"name\":\"Portada\",\"item\":\"https:\/\/guadalbeton.com\/\"},{\"@type\":\"ListItem\",\"position\":2,\"name\":\"T\u00e9rminos y Condiciones\"}]},{\"@type\":\"WebSite\",\"@id\":\"https:\/\/guadalbeton.com\/#website\",\"url\":\"https:\/\/guadalbeton.com\/\",\"name\":\"Guadalbeton\",\"description\":\"Especialistas en el sector del hormig\u00f3n y prefabricado.\",\"publisher\":{\"@id\":\"https:\/\/guadalbeton.com\/#organization\"},\"potentialAction\":[{\"@type\":\"SearchAction\",\"target\":{\"@type\":\"EntryPoint\",\"urlTemplate\":\"https:\/\/guadalbeton.com\/?s={search_term_string}\"},\"query-input\":{\"@type\":\"PropertyValueSpecification\",\"valueRequired\":true,\"valueName\":\"search_term_string\"}}],\"inLanguage\":\"en-GB\"},{\"@type\":\"Organization\",\"@id\":\"https:\/\/guadalbeton.com\/#organization\",\"name\":\"Guadalbeton\",\"url\":\"https:\/\/guadalbeton.com\/\",\"logo\":{\"@type\":\"ImageObject\",\"inLanguage\":\"en-GB\",\"@id\":\"https:\/\/guadalbeton.com\/#\/schema\/logo\/image\/\",\"url\":\"https:\/\/guadalbeton.com\/wp-content\/uploads\/2025\/09\/cropped-favicon-guadalbeton.png\",\"contentUrl\":\"https:\/\/guadalbeton.com\/wp-content\/uploads\/2025\/09\/cropped-favicon-guadalbeton.png\",\"width\":512,\"height\":512,\"caption\":\"Guadalbeton\"},\"image\":{\"@id\":\"https:\/\/guadalbeton.com\/#\/schema\/logo\/image\/\"}}]}<\/script>\n<!-- \/ Yoast SEO plugin. -->","yoast_head_json":{"title":"T\u00e9rminos y Condiciones - Guadalbeton","robots":{"index":"noindex","follow":"nofollow"},"og_locale":"en_GB","og_type":"article","og_title":"T\u00e9rminos y Condiciones - Guadalbeton","og_url":"https:\/\/guadalbeton.com\/en\/terminos-condiciones\/","og_site_name":"Guadalbeton","article_modified_time":"2026-03-02T18:06:20+00:00","twitter_card":"summary_large_image","twitter_misc":{"Estimated reading time":"5 minutes"},"schema":{"@context":"https:\/\/schema.org","@graph":[{"@type":"WebPage","@id":"https:\/\/guadalbeton.com\/terminos-condiciones\/","url":"https:\/\/guadalbeton.com\/terminos-condiciones\/","name":"T\u00e9rminos y Condiciones - Guadalbeton","isPartOf":{"@id":"https:\/\/guadalbeton.com\/#website"},"datePublished":"2025-09-26T12:03:43+00:00","dateModified":"2026-03-02T18:06:20+00:00","breadcrumb":{"@id":"https:\/\/guadalbeton.com\/terminos-condiciones\/#breadcrumb"},"inLanguage":"en-GB","potentialAction":[{"@type":"ReadAction","target":["https:\/\/guadalbeton.com\/terminos-condiciones\/"]}]},{"@type":"BreadcrumbList","@id":"https:\/\/guadalbeton.com\/terminos-condiciones\/#breadcrumb","itemListElement":[{"@type":"ListItem","position":1,"name":"Portada","item":"https:\/\/guadalbeton.com\/"},{"@type":"ListItem","position":2,"name":"T\u00e9rminos y Condiciones"}]},{"@type":"WebSite","@id":"https:\/\/guadalbeton.com\/#website","url":"https:\/\/guadalbeton.com\/","name":"Guadalbeton","description":"Especialistas en el sector del hormig\u00f3n y prefabricado.","publisher":{"@id":"https:\/\/guadalbeton.com\/#organization"},"potentialAction":[{"@type":"SearchAction","target":{"@type":"EntryPoint","urlTemplate":"https:\/\/guadalbeton.com\/?s={search_term_string}"},"query-input":{"@type":"PropertyValueSpecification","valueRequired":true,"valueName":"search_term_string"}}],"inLanguage":"en-GB"},{"@type":"Organization","@id":"https:\/\/guadalbeton.com\/#organization","name":"Guadalbeton","url":"https:\/\/guadalbeton.com\/","logo":{"@type":"ImageObject","inLanguage":"en-GB","@id":"https:\/\/guadalbeton.com\/#\/schema\/logo\/image\/","url":"https:\/\/guadalbeton.com\/wp-content\/uploads\/2025\/09\/cropped-favicon-guadalbeton.png","contentUrl":"https:\/\/guadalbeton.com\/wp-content\/uploads\/2025\/09\/cropped-favicon-guadalbeton.png","width":512,"height":512,"caption":"Guadalbeton"},"image":{"@id":"https:\/\/guadalbeton.com\/#\/schema\/logo\/image\/"}}]}},"_links":{"self":[{"href":"https:\/\/guadalbeton.com\/en\/wp-json\/wp\/v2\/pages\/8617","targetHints":{"allow":["GET"]}}],"collection":[{"href":"https:\/\/guadalbeton.com\/en\/wp-json\/wp\/v2\/pages"}],"about":[{"href":"https:\/\/guadalbeton.com\/en\/wp-json\/wp\/v2\/types\/page"}],"author":[{"embeddable":true,"href":"https:\/\/guadalbeton.com\/en\/wp-json\/wp\/v2\/users\/1"}],"replies":[{"embeddable":true,"href":"https:\/\/guadalbeton.com\/en\/wp-json\/wp\/v2\/comments?post=8617"}],"version-history":[{"count":4,"href":"https:\/\/guadalbeton.com\/en\/wp-json\/wp\/v2\/pages\/8617\/revisions"}],"predecessor-version":[{"id":8679,"href":"https:\/\/guadalbeton.com\/en\/wp-json\/wp\/v2\/pages\/8617\/revisions\/8679"}],"wp:attachment":[{"href":"https:\/\/guadalbeton.com\/en\/wp-json\/wp\/v2\/media?parent=8617"}],"curies":[{"name":"wp","href":"https:\/\/api.w.org\/{rel}","templated":true}]}}