{"id":7385,"date":"2025-09-15T08:50:32","date_gmt":"2025-09-15T08:50:32","guid":{"rendered":"https:\/\/guadalbeton.com\/?post_type=product&#038;p=7385"},"modified":"2025-09-15T08:50:32","modified_gmt":"2025-09-15T08:50:32","slug":"fastmix","status":"publish","type":"product","link":"https:\/\/guadalbeton.com\/en\/product\/fastmix\/","title":{"rendered":"FASTMIX"},"content":{"rendered":"<div class=\"feature-titel\">La central FASTMIX permite un alto nivel de configuraci\u00f3n a trav\u00e9s de diferentes opcionales que cubren las necesidades de cualquier cliente y mercado.<\/div>\n<div class=\"feature-titel\"><\/div>\n<div class=\"feature-titel\">Capacidad de Producci\u00f3n (m\u00b3\/h)<\/div>\n<div class=\"feature-value\">12 &#8211; 19<\/div>\n<div class=\"feature-titel\">Tolvas de \u00c1ridos<\/div>\n<div class=\"feature-value\">2 &#8211; 4<\/div>\n<div class=\"feature-titel\">Capacidad de \u00c1ridos (m\u00b3)<\/div>\n<div class=\"feature-value\">7 &#8211; 14<\/div>\n<div class=\"feature-titel\">Silos de Cemento<\/div>\n<div class=\"feature-value\">2<\/div>\n<div class=\"feature-titel\">Tornillos Sinf\u00edn (mm)<\/div>\n<div class=\"feature-value\">\u00d8219<\/div>\n<div class=\"feature-titel\">Capacidad por Ciclo (m\u00b3)<\/div>\n<div class=\"feature-value\">0.5<\/div>\n<div class=\"feature-titel\">Tipo de mezcladora<\/div>\n<div class=\"feature-value\">Eje vertical \/ TRH-750<\/div>\n<div class=\"feature-titel\">Cabina de control<\/div>\n<div class=\"feature-value\">Opcional<\/div>\n<div class=\"feature-titel\">Potencia total<\/div>\n<div class=\"feature-value\">45 &#8211; 53<\/div>\n<div class=\"feature-titel\">Potencia Absorbida (kw)<\/div>\n<div class=\"feature-value\">36<\/div>\n<div class=\"feature-value\"><\/div>\n<div class=\"feature-value\"><span>FASTMIX incorpora todos los m\u00e9todos necesarios para su funcionamiento y puesta en marcha en el conjutno de transporte. Tanto el m\u00f3dulo b\u00e1sico de dos tolvas con todos sus accesorios, como el de cuatro tolvas, son transportable en un solo contenedor de 40&#8217;HC.\u00a0<\/span><\/div>","protected":false},"excerpt":{"rendered":"<p><span>FASTMIX est\u00e1 basada en el concepto de alta movilidad con m\u00ednimos costes log\u00edsticos y de montaje. La central ofrece al cliente una soluci\u00f3n integral, al incorporar todas las prestaciones de una central de alta gama en un espacio totalmente optimizado, con un proceso de montaje y puesta en marcha muy simplificado y con un coste econ\u00f3mico ajustado cubriendo todas las necesidades de nuestros clientes<\/span><\/p>","protected":false},"featured_media":7418,"template":"","meta":[],"product_brand":[],"product_cat":[68],"product_tag":[],"class_list":{"0":"post-7385","1":"product","2":"type-product","3":"status-publish","4":"has-post-thumbnail","6":"product_cat-compactas","8":"first","9":"instock","10":"shipping-taxable","11":"product-type-simple"},"yoast_head":"<!-- This site is optimized with the Yoast SEO plugin v25.9 - https:\/\/yoast.com\/wordpress\/plugins\/seo\/ -->\n<title>FASTMIX - Guadalbeton<\/title>\n<meta name=\"robots\" content=\"index, follow, max-snippet:-1, max-image-preview:large, max-video-preview:-1\" \/>\n<link rel=\"canonical\" href=\"https:\/\/guadalbeton.com\/en\/product\/fastmix\/\" \/>\n<meta property=\"og:locale\" content=\"en_GB\" \/>\n<meta property=\"og:type\" content=\"article\" \/>\n<meta property=\"og:title\" content=\"FASTMIX - Guadalbeton\" \/>\n<meta property=\"og:description\" content=\"FASTMIX est\u00e1 basada en el concepto de alta movilidad con m\u00ednimos costes log\u00edsticos y de montaje. La central ofrece al cliente una soluci\u00f3n integral, al incorporar todas las prestaciones de una central de alta gama en un espacio totalmente optimizado, con un proceso de montaje y puesta en marcha muy simplificado y con un coste econ\u00f3mico ajustado cubriendo todas las necesidades de nuestros clientes\" \/>\n<meta property=\"og:url\" content=\"https:\/\/guadalbeton.com\/en\/product\/fastmix\/\" \/>\n<meta property=\"og:site_name\" content=\"Guadalbeton\" \/>\n<meta property=\"og:image\" content=\"https:\/\/guadalbeton.com\/wp-content\/uploads\/2025\/09\/44-thickbox_default-FASTMIX.jpg\" \/>\n\t<meta property=\"og:image:width\" content=\"800\" \/>\n\t<meta property=\"og:image:height\" content=\"800\" \/>\n\t<meta property=\"og:image:type\" content=\"image\/jpeg\" \/>\n<meta name=\"twitter:card\" content=\"summary_large_image\" \/>\n<meta name=\"twitter:label1\" content=\"Estimated reading time\" \/>\n\t<meta name=\"twitter:data1\" content=\"1 minute\" \/>\n<script type=\"application\/ld+json\" class=\"yoast-schema-graph\">{\"@context\":\"https:\/\/schema.org\",\"@graph\":[{\"@type\":\"WebPage\",\"@id\":\"https:\/\/guadalbeton.com\/producto\/fastmix\/\",\"url\":\"https:\/\/guadalbeton.com\/producto\/fastmix\/\",\"name\":\"FASTMIX - Guadalbeton\",\"isPartOf\":{\"@id\":\"https:\/\/guadalbeton.com\/#website\"},\"primaryImageOfPage\":{\"@id\":\"https:\/\/guadalbeton.com\/producto\/fastmix\/#primaryimage\"},\"image\":{\"@id\":\"https:\/\/guadalbeton.com\/producto\/fastmix\/#primaryimage\"},\"thumbnailUrl\":\"https:\/\/guadalbeton.com\/wp-content\/uploads\/2025\/09\/44-thickbox_default-FASTMIX.jpg\",\"datePublished\":\"2025-09-15T08:50:32+00:00\",\"breadcrumb\":{\"@id\":\"https:\/\/guadalbeton.com\/producto\/fastmix\/#breadcrumb\"},\"inLanguage\":\"en-GB\",\"potentialAction\":[{\"@type\":\"ReadAction\",\"target\":[\"https:\/\/guadalbeton.com\/producto\/fastmix\/\"]}]},{\"@type\":\"ImageObject\",\"inLanguage\":\"en-GB\",\"@id\":\"https:\/\/guadalbeton.com\/producto\/fastmix\/#primaryimage\",\"url\":\"https:\/\/guadalbeton.com\/wp-content\/uploads\/2025\/09\/44-thickbox_default-FASTMIX.jpg\",\"contentUrl\":\"https:\/\/guadalbeton.com\/wp-content\/uploads\/2025\/09\/44-thickbox_default-FASTMIX.jpg\",\"width\":800,\"height\":800},{\"@type\":\"BreadcrumbList\",\"@id\":\"https:\/\/guadalbeton.com\/producto\/fastmix\/#breadcrumb\",\"itemListElement\":[{\"@type\":\"ListItem\",\"position\":1,\"name\":\"Portada\",\"item\":\"https:\/\/guadalbeton.com\/\"},{\"@type\":\"ListItem\",\"position\":2,\"name\":\"Productos\",\"item\":\"https:\/\/guadalbeton.com\/productos\/\"},{\"@type\":\"ListItem\",\"position\":3,\"name\":\"FASTMIX\"}]},{\"@type\":\"WebSite\",\"@id\":\"https:\/\/guadalbeton.com\/#website\",\"url\":\"https:\/\/guadalbeton.com\/\",\"name\":\"Guadalbeton\",\"description\":\"Especialistas en el sector del hormig\u00f3n y prefabricado.\",\"publisher\":{\"@id\":\"https:\/\/guadalbeton.com\/#organization\"},\"potentialAction\":[{\"@type\":\"SearchAction\",\"target\":{\"@type\":\"EntryPoint\",\"urlTemplate\":\"https:\/\/guadalbeton.com\/?s={search_term_string}\"},\"query-input\":{\"@type\":\"PropertyValueSpecification\",\"valueRequired\":true,\"valueName\":\"search_term_string\"}}],\"inLanguage\":\"en-GB\"},{\"@type\":\"Organization\",\"@id\":\"https:\/\/guadalbeton.com\/#organization\",\"name\":\"Guadalbeton\",\"url\":\"https:\/\/guadalbeton.com\/\",\"logo\":{\"@type\":\"ImageObject\",\"inLanguage\":\"en-GB\",\"@id\":\"https:\/\/guadalbeton.com\/#\/schema\/logo\/image\/\",\"url\":\"https:\/\/guadalbeton.com\/wp-content\/uploads\/2025\/09\/cropped-favicon-guadalbeton.png\",\"contentUrl\":\"https:\/\/guadalbeton.com\/wp-content\/uploads\/2025\/09\/cropped-favicon-guadalbeton.png\",\"width\":512,\"height\":512,\"caption\":\"Guadalbeton\"},\"image\":{\"@id\":\"https:\/\/guadalbeton.com\/#\/schema\/logo\/image\/\"}}]}<\/script>\n<!-- \/ Yoast SEO plugin. -->","yoast_head_json":{"title":"FASTMIX - Guadalbeton","robots":{"index":"index","follow":"follow","max-snippet":"max-snippet:-1","max-image-preview":"max-image-preview:large","max-video-preview":"max-video-preview:-1"},"canonical":"https:\/\/guadalbeton.com\/en\/product\/fastmix\/","og_locale":"en_GB","og_type":"article","og_title":"FASTMIX - Guadalbeton","og_description":"FASTMIX est\u00e1 basada en el concepto de alta movilidad con m\u00ednimos costes log\u00edsticos y de montaje. La central ofrece al cliente una soluci\u00f3n integral, al incorporar todas las prestaciones de una central de alta gama en un espacio totalmente optimizado, con un proceso de montaje y puesta en marcha muy simplificado y con un coste econ\u00f3mico ajustado cubriendo todas las necesidades de nuestros clientes","og_url":"https:\/\/guadalbeton.com\/en\/product\/fastmix\/","og_site_name":"Guadalbeton","og_image":[{"width":800,"height":800,"url":"https:\/\/guadalbeton.com\/wp-content\/uploads\/2025\/09\/44-thickbox_default-FASTMIX.jpg","type":"image\/jpeg"}],"twitter_card":"summary_large_image","twitter_misc":{"Estimated reading time":"1 minute"},"schema":{"@context":"https:\/\/schema.org","@graph":[{"@type":"WebPage","@id":"https:\/\/guadalbeton.com\/producto\/fastmix\/","url":"https:\/\/guadalbeton.com\/producto\/fastmix\/","name":"FASTMIX - Guadalbeton","isPartOf":{"@id":"https:\/\/guadalbeton.com\/#website"},"primaryImageOfPage":{"@id":"https:\/\/guadalbeton.com\/producto\/fastmix\/#primaryimage"},"image":{"@id":"https:\/\/guadalbeton.com\/producto\/fastmix\/#primaryimage"},"thumbnailUrl":"https:\/\/guadalbeton.com\/wp-content\/uploads\/2025\/09\/44-thickbox_default-FASTMIX.jpg","datePublished":"2025-09-15T08:50:32+00:00","breadcrumb":{"@id":"https:\/\/guadalbeton.com\/producto\/fastmix\/#breadcrumb"},"inLanguage":"en-GB","potentialAction":[{"@type":"ReadAction","target":["https:\/\/guadalbeton.com\/producto\/fastmix\/"]}]},{"@type":"ImageObject","inLanguage":"en-GB","@id":"https:\/\/guadalbeton.com\/producto\/fastmix\/#primaryimage","url":"https:\/\/guadalbeton.com\/wp-content\/uploads\/2025\/09\/44-thickbox_default-FASTMIX.jpg","contentUrl":"https:\/\/guadalbeton.com\/wp-content\/uploads\/2025\/09\/44-thickbox_default-FASTMIX.jpg","width":800,"height":800},{"@type":"BreadcrumbList","@id":"https:\/\/guadalbeton.com\/producto\/fastmix\/#breadcrumb","itemListElement":[{"@type":"ListItem","position":1,"name":"Portada","item":"https:\/\/guadalbeton.com\/"},{"@type":"ListItem","position":2,"name":"Productos","item":"https:\/\/guadalbeton.com\/productos\/"},{"@type":"ListItem","position":3,"name":"FASTMIX"}]},{"@type":"WebSite","@id":"https:\/\/guadalbeton.com\/#website","url":"https:\/\/guadalbeton.com\/","name":"Guadalbeton","description":"Especialistas en el sector del hormig\u00f3n y prefabricado.","publisher":{"@id":"https:\/\/guadalbeton.com\/#organization"},"potentialAction":[{"@type":"SearchAction","target":{"@type":"EntryPoint","urlTemplate":"https:\/\/guadalbeton.com\/?s={search_term_string}"},"query-input":{"@type":"PropertyValueSpecification","valueRequired":true,"valueName":"search_term_string"}}],"inLanguage":"en-GB"},{"@type":"Organization","@id":"https:\/\/guadalbeton.com\/#organization","name":"Guadalbeton","url":"https:\/\/guadalbeton.com\/","logo":{"@type":"ImageObject","inLanguage":"en-GB","@id":"https:\/\/guadalbeton.com\/#\/schema\/logo\/image\/","url":"https:\/\/guadalbeton.com\/wp-content\/uploads\/2025\/09\/cropped-favicon-guadalbeton.png","contentUrl":"https:\/\/guadalbeton.com\/wp-content\/uploads\/2025\/09\/cropped-favicon-guadalbeton.png","width":512,"height":512,"caption":"Guadalbeton"},"image":{"@id":"https:\/\/guadalbeton.com\/#\/schema\/logo\/image\/"}}]}},"_links":{"self":[{"href":"https:\/\/guadalbeton.com\/en\/wp-json\/wp\/v2\/product\/7385","targetHints":{"allow":["GET"]}}],"collection":[{"href":"https:\/\/guadalbeton.com\/en\/wp-json\/wp\/v2\/product"}],"about":[{"href":"https:\/\/guadalbeton.com\/en\/wp-json\/wp\/v2\/types\/product"}],"wp:featuredmedia":[{"embeddable":true,"href":"https:\/\/guadalbeton.com\/en\/wp-json\/wp\/v2\/media\/7418"}],"wp:attachment":[{"href":"https:\/\/guadalbeton.com\/en\/wp-json\/wp\/v2\/media?parent=7385"}],"wp:term":[{"taxonomy":"product_brand","embeddable":true,"href":"https:\/\/guadalbeton.com\/en\/wp-json\/wp\/v2\/product_brand?post=7385"},{"taxonomy":"product_cat","embeddable":true,"href":"https:\/\/guadalbeton.com\/en\/wp-json\/wp\/v2\/product_cat?post=7385"},{"taxonomy":"product_tag","embeddable":true,"href":"https:\/\/guadalbeton.com\/en\/wp-json\/wp\/v2\/product_tag?post=7385"}],"curies":[{"name":"wp","href":"https:\/\/api.w.org\/{rel}","templated":true}]}}